{"id":52,"date":"2013-03-25T12:33:53","date_gmt":"2013-03-25T11:33:53","guid":{"rendered":"http:\/\/fegbbs.ch\/?page_id=52"},"modified":"2021-09-13T13:48:02","modified_gmt":"2021-09-13T11:48:02","slug":"ausbildung","status":"publish","type":"page","link":"https:\/\/www.fegbbs.ch\/?page_id=52","title":{"rendered":"Ausbildung \/ Jugendmusik"},"content":{"rendered":"<p>Wenn du Interesse hast, ein Blechblasinstrument zu erlernen kannst du dich mit der untenstehenden Anmeldung bei uns melden. Wir w\u00fcrden uns sehr freuen, wenn du die Blasmusik zu deinem Hobby machen w\u00fcrdest! Weitere Infos findest du auf dem Flyer.<\/p>\n<p><span style=\"color: #3366ff;\"><a style=\"color: #3366ff;\" href=\"https:\/\/www.fegbbs.ch\/wp-content\/uploads\/2013\/03\/Anmeldung_Ausbildung.pdf\">Flyer Ausbildung<\/a><\/span><\/p>\n<p>Seit dem Jahre 2018 ist die FEG Brass Band Mitglied der Jugendmusik AachThurLand. Zusammen mit dem Musikverein Kradolf-Sch\u00f6nenberg, der Stadtmusik Bischofszell und der Musikgesellschaft Sulgen f\u00fchrt sie die Jugendmusik. Die Jungbl\u00e4ser aus den Vereinen werden in die regionale Jugendmusik integriert und auf das gemeinsame Musizieren im Verein bestens vorbereitet.<\/p>\n<p><span style=\"color: #3366ff;\"><a style=\"color: #3366ff;\" href=\"https:\/\/www.jugendmusik-aachthurland.ch\/\" target=\"_blank\" rel=\"noopener\">Homepage Jugendmusik Aachthurland<\/a><\/span><\/p>\n<p><img loading=\"lazy\" decoding=\"async\" class=\"alignleft wp-image-1013 size-medium\" src=\"https:\/\/www.fegbbs.ch\/wp-content\/uploads\/1504903183-300x200.png\" alt=\"1504903183\" width=\"300\" height=\"200\" srcset=\"https:\/\/www.fegbbs.ch\/wp-content\/uploads\/1504903183-300x200.png 300w, https:\/\/www.fegbbs.ch\/wp-content\/uploads\/1504903183-768x511.png 768w, https:\/\/www.fegbbs.ch\/wp-content\/uploads\/1504903183-830x553.png 830w, https:\/\/www.fegbbs.ch\/wp-content\/uploads\/1504903183-230x153.png 230w, https:\/\/www.fegbbs.ch\/wp-content\/uploads\/1504903183-350x233.png 350w, https:\/\/www.fegbbs.ch\/wp-content\/uploads\/1504903183-480x320.png 480w, https:\/\/www.fegbbs.ch\/wp-content\/uploads\/1504903183.png 1000w\" sizes=\"auto, (max-width: 300px) 100vw, 300px\" \/><\/p>\n","protected":false},"excerpt":{"rendered":"<p>Wenn du Interesse hast, ein Blechblasinstrument zu erlernen kannst du dich mit der untenstehenden Anmeldung bei uns melden. Wir w\u00fcrden uns sehr [&hellip;]<\/p>\n","protected":false},"author":1,"featured_media":0,"parent":0,"menu_order":5,"comment_status":"closed","ping_status":"closed","template":"","meta":{"ngg_post_thumbnail":0,"footnotes":""},"class_list":["post-52","page","type-page","status-publish","hentry"],"_links":{"self":[{"href":"https:\/\/www.fegbbs.ch\/index.php?rest_route=\/wp\/v2\/pages\/52","targetHints":{"allow":["GET"]}}],"collection":[{"href":"https:\/\/www.fegbbs.ch\/index.php?rest_route=\/wp\/v2\/pages"}],"about":[{"href":"https:\/\/www.fegbbs.ch\/index.php?rest_route=\/wp\/v2\/types\/page"}],"author":[{"embeddable":true,"href":"https:\/\/www.fegbbs.ch\/index.php?rest_route=\/wp\/v2\/users\/1"}],"replies":[{"embeddable":true,"href":"https:\/\/www.fegbbs.ch\/index.php?rest_route=%2Fwp%2Fv2%2Fcomments&post=52"}],"version-history":[{"count":14,"href":"https:\/\/www.fegbbs.ch\/index.php?rest_route=\/wp\/v2\/pages\/52\/revisions"}],"predecessor-version":[{"id":1297,"href":"https:\/\/www.fegbbs.ch\/index.php?rest_route=\/wp\/v2\/pages\/52\/revisions\/1297"}],"wp:attachment":[{"href":"https:\/\/www.fegbbs.ch\/index.php?rest_route=%2Fwp%2Fv2%2Fmedia&parent=52"}],"curies":[{"name":"wp","href":"https:\/\/api.w.org\/{rel}","templated":true}]}}